{"id":545,"date":"2022-02-14T22:09:06","date_gmt":"2022-02-14T21:09:06","guid":{"rendered":"https:\/\/resiliatour.ch\/?page_id=545"},"modified":"2025-12-01T17:24:21","modified_gmt":"2025-12-01T16:24:21","slug":"des-offres","status":"publish","type":"page","link":"https:\/\/www.compolab.ch\/fr\/des-offres\/","title":{"rendered":"Offres"},"content":{"rendered":"\n<div class=\"wp-block-cover is-light\"><img loading=\"lazy\" decoding=\"async\" width=\"1500\" height=\"494\" class=\"wp-block-cover__image-background wp-image-81\" alt=\"\" src=\"https:\/\/projects.botanibot.com\/resiliatour\/app\/uploads\/2022\/02\/header_angebote.jpg\" data-object-fit=\"cover\" srcset=\"https:\/\/www.compolab.ch\/app\/uploads\/2022\/02\/header_angebote.jpg 1500w, https:\/\/www.compolab.ch\/app\/uploads\/2022\/02\/header_angebote-300x99.jpg 300w, https:\/\/www.compolab.ch\/app\/uploads\/2022\/02\/header_angebote-1024x337.jpg 1024w, https:\/\/www.compolab.ch\/app\/uploads\/2022\/02\/header_angebote-768x253.jpg 768w, https:\/\/www.compolab.ch\/app\/uploads\/2022\/02\/header_angebote-600x198.jpg 600w, https:\/\/www.compolab.ch\/app\/uploads\/2022\/02\/header_angebote-1200x395.jpg 1200w\" sizes=\"auto, (max-width: 1500px) 100vw, 1500px\" \/><span aria-hidden=\"true\" class=\"wp-block-cover__background has-background-dim-0 has-background-dim\"><\/span><div class=\"wp-block-cover__inner-container is-layout-flow wp-block-cover-is-layout-flow\">\n<p class=\"has-text-align-center has-large-font-size\"><\/p>\n<\/div><\/div>\n\n\n\n<div class=\"wp-block-group\"><div class=\"wp-block-group__inner-container is-layout-flow wp-block-group-is-layout-flow\">\n<h2 class=\"wp-block-heading\" id=\"angebote\">Offres<\/h2>\n\n\n\n<div style=\"height:24px\" aria-hidden=\"true\" class=\"wp-block-spacer\"><\/div>\n\n\n\n<div class=\"wp-block-columns is-layout-flex wp-container-core-columns-is-layout-9d6595d7 wp-block-columns-is-layout-flex\">\n<div class=\"wp-block-column is-layout-flow wp-block-column-is-layout-flow\">\n<div class=\"wp-block-group\"><div class=\"wp-block-group__inner-container is-layout-flow wp-block-group-is-layout-flow\">\n<div class=\"wp-block-group\"><div class=\"wp-block-group__inner-container is-layout-flow wp-block-group-is-layout-flow\">\n<figure class=\"wp-block-image size-full\"><img loading=\"lazy\" decoding=\"async\" width=\"690\" height=\"399\" src=\"https:\/\/resiliatour.ch\/app\/uploads\/2022\/02\/bild_kompost1_klein.jpg\" alt=\"Kurs Kompostieren Bioterra\" class=\"wp-image-156\" srcset=\"https:\/\/www.compolab.ch\/app\/uploads\/2022\/02\/bild_kompost1_klein.jpg 690w, https:\/\/www.compolab.ch\/app\/uploads\/2022\/02\/bild_kompost1_klein-300x173.jpg 300w, https:\/\/www.compolab.ch\/app\/uploads\/2022\/02\/bild_kompost1_klein-600x347.jpg 600w\" sizes=\"auto, (max-width: 690px) 100vw, 690px\" \/><\/figure>\n\n\n\n<h3 class=\"wp-block-heading\" id=\"kompostieren-im-hausgarten-oder-auf-dem-balkon-vertiefung\">Composter au jardin ou sur le balcon: cours de base, Brigue VS<\/h3>\n\n\n\n<p>Offre du groupe r\u00e9gional Bioterra Haut-Valais<br>Sa, 18 avril 2026, 10h00 \u2013 13h00<br>avec s\u00e9ance d\u2019approfondissement incluse :<br>Sa, 20 septembre 2026<\/p>\n\n\n\n<div class=\"wp-block-buttons is-layout-flex wp-block-buttons-is-layout-flex\">\n<div class=\"wp-block-button is-style-arrow\"><a class=\"wp-block-button__link wp-element-button\" href=\"https:\/\/compolab.ch\/event\/kompostieren-im-hausgarten-oder-auf-dem-balkon-grundkurs\/\">Plus d&#8217;infos<\/a><\/div>\n<\/div>\n<\/div><\/div>\n<\/div><\/div>\n<\/div>\n\n\n\n<div class=\"wp-block-column is-layout-flow wp-block-column-is-layout-flow\">\n<figure class=\"wp-block-image size-full\"><img loading=\"lazy\" decoding=\"async\" width=\"690\" height=\"399\" src=\"https:\/\/www.compolab.ch\/app\/uploads\/2025\/01\/kompostberatung.jpg\" alt=\"Kompostberatung\" class=\"wp-image-1091\" srcset=\"https:\/\/www.compolab.ch\/app\/uploads\/2025\/01\/kompostberatung.jpg 690w, https:\/\/www.compolab.ch\/app\/uploads\/2025\/01\/kompostberatung-300x173.jpg 300w, https:\/\/www.compolab.ch\/app\/uploads\/2025\/01\/kompostberatung-600x347.jpg 600w\" sizes=\"auto, (max-width: 690px) 100vw, 690px\" \/><\/figure>\n\n\n\n<h3 class=\"wp-block-heading\">Conseil en compostage<\/h3>\n\n\n\n<h3 class=\"wp-block-heading\"><strong>Visioconf\u00e9rence, t\u00e9l\u00e9phone ou sur place<\/strong><br>CHF 100.\u2013\/Std. (exkl. Spesen)<\/h3>\n\n\n\n<ul class=\"wp-block-list\">\n<li>Conseil pour une nouvelle installation : emplacement, organisation, syst\u00e8me de compostage<\/li>\n\n\n\n<li>Entretien, analyse de probl\u00e8mes et optimisation de syst\u00e8mes de compostage existants<\/li>\n\n\n\n<li>\u00c9valuation de la qualit\u00e9 du compost (visuelle, olfactive et tactile \u2013 sans analyse en laboratoire)<\/li>\n\n\n\n<li>Conseils pour l\u2019utilisation du compost<\/li>\n<\/ul>\n\n\n\n<div class=\"wp-block-buttons is-layout-flex wp-block-buttons-is-layout-flex\">\n<div class=\"wp-block-button is-style-arrow\"><a class=\"wp-block-button__link wp-element-button\" href=\"https:\/\/www.compolab.ch\/fr\/contact\/\">Prendre contact maintenant<\/a><\/div>\n<\/div>\n<\/div>\n<\/div>\n\n\n\n<div style=\"height:84px\" aria-hidden=\"true\" class=\"wp-block-spacer\"><\/div>\n\n\n\n<div class=\"wp-block-columns is-layout-flex wp-container-core-columns-is-layout-9d6595d7 wp-block-columns-is-layout-flex\">\n<div class=\"wp-block-column is-layout-flow wp-block-column-is-layout-flow\">\n<figure class=\"wp-block-image size-full\"><img loading=\"lazy\" decoding=\"async\" width=\"690\" height=\"399\" src=\"https:\/\/www.compolab.ch\/app\/uploads\/2025\/02\/bildung.jpg\" alt=\"Umweltbildung\" class=\"wp-image-1176\" srcset=\"https:\/\/www.compolab.ch\/app\/uploads\/2025\/02\/bildung.jpg 690w, https:\/\/www.compolab.ch\/app\/uploads\/2025\/02\/bildung-300x173.jpg 300w, https:\/\/www.compolab.ch\/app\/uploads\/2025\/02\/bildung-600x347.jpg 600w\" sizes=\"auto, (max-width: 690px) 100vw, 690px\" \/><\/figure>\n\n\n\n<h3 class=\"wp-block-heading\">SUPERWURM &#8211; Super-ver de terre<br>Compagnie Digestif<\/h3>\n\n\n\n<p>Une pi\u00e8ce de th\u00e9\u00e2tre interactive pour les classes du Cycle 1<\/p>\n\n\n\n<p>\u00c0 la suite de la pi\u00e8ce, une sp\u00e9cialiste visite la classe et approfondit le th\u00e8me du ver de terre de mani\u00e8re ludique et professionnelle. Les enfants observent des vers vivants et leurs cocons, d\u00e9couvrent pourquoi le ver de terre est un indicateur essentiel de la sant\u00e9 des sols \u2013 et comment il produit le pr\u00e9cieux \u201cor du jardinier\u201d.<\/p>\n\n\n\n<div class=\"wp-block-buttons is-layout-flex wp-block-buttons-is-layout-flex\">\n<div class=\"wp-block-button is-style-arrow\"><a class=\"wp-block-button__link wp-element-button\" href=\"https:\/\/www.compagniedigestif.ch\/angebote\/superwurm\/\">Plus d&#8217;infos<\/a><\/div>\n<\/div>\n<\/div>\n\n\n\n<div class=\"wp-block-column is-layout-flow wp-block-column-is-layout-flow\">\n<div class=\"wp-block-group\"><div class=\"wp-block-group__inner-container is-layout-flow wp-block-group-is-layout-flow\">\n<div class=\"wp-block-group\"><div class=\"wp-block-group__inner-container is-layout-flow wp-block-group-is-layout-flow\"><\/div><\/div>\n<\/div><\/div>\n<\/div>\n<\/div>\n<\/div><\/div>\n","protected":false},"excerpt":{"rendered":"<p>Offres Composter au jardin ou sur le balcon: cours de base, Brigue VS Offre du groupe r\u00e9gional Bioterra Haut-ValaisSa, 18 avril 2026, 10h00 \u2013 13h00avec s\u00e9ance d\u2019approfondissement incluse :Sa, 20 septembre 2026 Conseil en compostage Visioconf\u00e9rence, t\u00e9l\u00e9phone ou sur placeCHF 100.\u2013\/Std. (exkl. Spesen) SUPERWURM &#8211; Super-ver de terreCompagnie Digestif Une pi\u00e8ce de th\u00e9\u00e2tre interactive pour [&hellip;]<\/p>\n","protected":false},"author":2,"featured_media":0,"parent":0,"menu_order":0,"comment_status":"closed","ping_status":"closed","template":"","meta":{"_acf_changed":false,"inline_featured_image":false,"footnotes":""},"class_list":["post-545","page","type-page","status-publish","hentry"],"acf":[],"yoast_head":"<!-- This site is optimized with the Yoast SEO plugin v26.4 - https:\/\/yoast.com\/wordpress\/plugins\/seo\/ -->\n<title>Offres - resiliatour Brig<\/title>\n<meta name=\"robots\" content=\"index, follow, max-snippet:-1, max-image-preview:large, max-video-preview:-1\" \/>\n<link rel=\"canonical\" href=\"https:\/\/compolab.ch\/fr\/des-offres\/\" \/>\n<meta property=\"og:locale\" content=\"fr_FR\" \/>\n<meta property=\"og:type\" content=\"article\" \/>\n<meta property=\"og:title\" content=\"Offres - resiliatour Brig\" \/>\n<meta property=\"og:description\" content=\"Offres Composter au jardin ou sur le balcon: cours de base, Brigue VS Offre du groupe r\u00e9gional Bioterra Haut-ValaisSa, 18 avril 2026, 10h00 \u2013 13h00avec s\u00e9ance d\u2019approfondissement incluse :Sa, 20 septembre 2026 Conseil en compostage Visioconf\u00e9rence, t\u00e9l\u00e9phone ou sur placeCHF 100.\u2013\/Std. (exkl. Spesen) SUPERWURM &#8211; Super-ver de terreCompagnie Digestif Une pi\u00e8ce de th\u00e9\u00e2tre interactive pour [&hellip;]\" \/>\n<meta property=\"og:url\" content=\"https:\/\/compolab.ch\/fr\/des-offres\/\" \/>\n<meta property=\"og:site_name\" content=\"resiliatour Brig\" \/>\n<meta property=\"article:publisher\" content=\"https:\/\/facebook.com\/resiliatour\" \/>\n<meta property=\"article:modified_time\" content=\"2025-12-01T16:24:21+00:00\" \/>\n<meta property=\"og:image\" content=\"https:\/\/projects.botanibot.com\/resiliatour\/app\/uploads\/2022\/02\/header_angebote.jpg\" \/>\n<meta name=\"twitter:card\" content=\"summary_large_image\" \/>\n<meta name=\"twitter:label1\" content=\"Est. reading time\" \/>\n\t<meta name=\"twitter:data1\" content=\"1 minute\" \/>\n<script type=\"application\/ld+json\" class=\"yoast-schema-graph\">{\"@context\":\"https:\/\/schema.org\",\"@graph\":[{\"@type\":\"WebPage\",\"@id\":\"https:\/\/compolab.ch\/fr\/des-offres\/\",\"url\":\"https:\/\/compolab.ch\/fr\/des-offres\/\",\"name\":\"Offres - resiliatour Brig\",\"isPartOf\":{\"@id\":\"https:\/\/www.compolab.ch\/#website\"},\"primaryImageOfPage\":{\"@id\":\"https:\/\/compolab.ch\/fr\/des-offres\/#primaryimage\"},\"image\":{\"@id\":\"https:\/\/compolab.ch\/fr\/des-offres\/#primaryimage\"},\"thumbnailUrl\":\"https:\/\/projects.botanibot.com\/resiliatour\/app\/uploads\/2022\/02\/header_angebote.jpg\",\"datePublished\":\"2022-02-14T21:09:06+00:00\",\"dateModified\":\"2025-12-01T16:24:21+00:00\",\"breadcrumb\":{\"@id\":\"https:\/\/compolab.ch\/fr\/des-offres\/#breadcrumb\"},\"inLanguage\":\"fr-FR\",\"potentialAction\":[{\"@type\":\"ReadAction\",\"target\":[\"https:\/\/compolab.ch\/fr\/des-offres\/\"]}]},{\"@type\":\"ImageObject\",\"inLanguage\":\"fr-FR\",\"@id\":\"https:\/\/compolab.ch\/fr\/des-offres\/#primaryimage\",\"url\":\"https:\/\/projects.botanibot.com\/resiliatour\/app\/uploads\/2022\/02\/header_angebote.jpg\",\"contentUrl\":\"https:\/\/projects.botanibot.com\/resiliatour\/app\/uploads\/2022\/02\/header_angebote.jpg\"},{\"@type\":\"BreadcrumbList\",\"@id\":\"https:\/\/compolab.ch\/fr\/des-offres\/#breadcrumb\",\"itemListElement\":[{\"@type\":\"ListItem\",\"position\":1,\"name\":\"Startseite\",\"item\":\"https:\/\/compolab.ch\/fr\/\"},{\"@type\":\"ListItem\",\"position\":2,\"name\":\"Offres\"}]},{\"@type\":\"WebSite\",\"@id\":\"https:\/\/www.compolab.ch\/#website\",\"url\":\"https:\/\/www.compolab.ch\/\",\"name\":\"resiliatour\",\"description\":\"resilienz st\u00e4rken, renforcer sa r\u00e9silience\",\"publisher\":{\"@id\":\"https:\/\/www.compolab.ch\/#organization\"},\"potentialAction\":[{\"@type\":\"SearchAction\",\"target\":{\"@type\":\"EntryPoint\",\"urlTemplate\":\"https:\/\/www.compolab.ch\/?s={search_term_string}\"},\"query-input\":{\"@type\":\"PropertyValueSpecification\",\"valueRequired\":true,\"valueName\":\"search_term_string\"}}],\"inLanguage\":\"fr-FR\"},{\"@type\":\"Organization\",\"@id\":\"https:\/\/www.compolab.ch\/#organization\",\"name\":\"resiliatour GmbH\",\"url\":\"https:\/\/www.compolab.ch\/\",\"logo\":{\"@type\":\"ImageObject\",\"inLanguage\":\"fr-FR\",\"@id\":\"https:\/\/www.compolab.ch\/#\/schema\/logo\/image\/\",\"url\":\"https:\/\/resiliatour.ch\/app\/uploads\/2022\/02\/cropped-favicon.jpg\",\"contentUrl\":\"https:\/\/resiliatour.ch\/app\/uploads\/2022\/02\/cropped-favicon.jpg\",\"width\":512,\"height\":512,\"caption\":\"resiliatour GmbH\"},\"image\":{\"@id\":\"https:\/\/www.compolab.ch\/#\/schema\/logo\/image\/\"},\"sameAs\":[\"https:\/\/facebook.com\/resiliatour\",\"https:\/\/linkedin.com\/company\/resiliatour\"]}]}<\/script>\n<!-- \/ Yoast SEO plugin. -->","yoast_head_json":{"title":"Offres - resiliatour Brig","robots":{"index":"index","follow":"follow","max-snippet":"max-snippet:-1","max-image-preview":"max-image-preview:large","max-video-preview":"max-video-preview:-1"},"canonical":"https:\/\/compolab.ch\/fr\/des-offres\/","og_locale":"fr_FR","og_type":"article","og_title":"Offres - resiliatour Brig","og_description":"Offres Composter au jardin ou sur le balcon: cours de base, Brigue VS Offre du groupe r\u00e9gional Bioterra Haut-ValaisSa, 18 avril 2026, 10h00 \u2013 13h00avec s\u00e9ance d\u2019approfondissement incluse :Sa, 20 septembre 2026 Conseil en compostage Visioconf\u00e9rence, t\u00e9l\u00e9phone ou sur placeCHF 100.\u2013\/Std. (exkl. Spesen) SUPERWURM &#8211; Super-ver de terreCompagnie Digestif Une pi\u00e8ce de th\u00e9\u00e2tre interactive pour [&hellip;]","og_url":"https:\/\/compolab.ch\/fr\/des-offres\/","og_site_name":"resiliatour Brig","article_publisher":"https:\/\/facebook.com\/resiliatour","article_modified_time":"2025-12-01T16:24:21+00:00","og_image":[{"url":"https:\/\/projects.botanibot.com\/resiliatour\/app\/uploads\/2022\/02\/header_angebote.jpg","type":"","width":"","height":""}],"twitter_card":"summary_large_image","twitter_misc":{"Est. reading time":"1 minute"},"schema":{"@context":"https:\/\/schema.org","@graph":[{"@type":"WebPage","@id":"https:\/\/compolab.ch\/fr\/des-offres\/","url":"https:\/\/compolab.ch\/fr\/des-offres\/","name":"Offres - resiliatour Brig","isPartOf":{"@id":"https:\/\/www.compolab.ch\/#website"},"primaryImageOfPage":{"@id":"https:\/\/compolab.ch\/fr\/des-offres\/#primaryimage"},"image":{"@id":"https:\/\/compolab.ch\/fr\/des-offres\/#primaryimage"},"thumbnailUrl":"https:\/\/projects.botanibot.com\/resiliatour\/app\/uploads\/2022\/02\/header_angebote.jpg","datePublished":"2022-02-14T21:09:06+00:00","dateModified":"2025-12-01T16:24:21+00:00","breadcrumb":{"@id":"https:\/\/compolab.ch\/fr\/des-offres\/#breadcrumb"},"inLanguage":"fr-FR","potentialAction":[{"@type":"ReadAction","target":["https:\/\/compolab.ch\/fr\/des-offres\/"]}]},{"@type":"ImageObject","inLanguage":"fr-FR","@id":"https:\/\/compolab.ch\/fr\/des-offres\/#primaryimage","url":"https:\/\/projects.botanibot.com\/resiliatour\/app\/uploads\/2022\/02\/header_angebote.jpg","contentUrl":"https:\/\/projects.botanibot.com\/resiliatour\/app\/uploads\/2022\/02\/header_angebote.jpg"},{"@type":"BreadcrumbList","@id":"https:\/\/compolab.ch\/fr\/des-offres\/#breadcrumb","itemListElement":[{"@type":"ListItem","position":1,"name":"Startseite","item":"https:\/\/compolab.ch\/fr\/"},{"@type":"ListItem","position":2,"name":"Offres"}]},{"@type":"WebSite","@id":"https:\/\/www.compolab.ch\/#website","url":"https:\/\/www.compolab.ch\/","name":"resiliatour","description":"resilienz st\u00e4rken, renforcer sa r\u00e9silience","publisher":{"@id":"https:\/\/www.compolab.ch\/#organization"},"potentialAction":[{"@type":"SearchAction","target":{"@type":"EntryPoint","urlTemplate":"https:\/\/www.compolab.ch\/?s={search_term_string}"},"query-input":{"@type":"PropertyValueSpecification","valueRequired":true,"valueName":"search_term_string"}}],"inLanguage":"fr-FR"},{"@type":"Organization","@id":"https:\/\/www.compolab.ch\/#organization","name":"resiliatour GmbH","url":"https:\/\/www.compolab.ch\/","logo":{"@type":"ImageObject","inLanguage":"fr-FR","@id":"https:\/\/www.compolab.ch\/#\/schema\/logo\/image\/","url":"https:\/\/resiliatour.ch\/app\/uploads\/2022\/02\/cropped-favicon.jpg","contentUrl":"https:\/\/resiliatour.ch\/app\/uploads\/2022\/02\/cropped-favicon.jpg","width":512,"height":512,"caption":"resiliatour GmbH"},"image":{"@id":"https:\/\/www.compolab.ch\/#\/schema\/logo\/image\/"},"sameAs":["https:\/\/facebook.com\/resiliatour","https:\/\/linkedin.com\/company\/resiliatour"]}]}},"_links":{"self":[{"href":"https:\/\/www.compolab.ch\/fr\/wp-json\/wp\/v2\/pages\/545","targetHints":{"allow":["GET"]}}],"collection":[{"href":"https:\/\/www.compolab.ch\/fr\/wp-json\/wp\/v2\/pages"}],"about":[{"href":"https:\/\/www.compolab.ch\/fr\/wp-json\/wp\/v2\/types\/page"}],"author":[{"embeddable":true,"href":"https:\/\/www.compolab.ch\/fr\/wp-json\/wp\/v2\/users\/2"}],"replies":[{"embeddable":true,"href":"https:\/\/www.compolab.ch\/fr\/wp-json\/wp\/v2\/comments?post=545"}],"version-history":[{"count":34,"href":"https:\/\/www.compolab.ch\/fr\/wp-json\/wp\/v2\/pages\/545\/revisions"}],"predecessor-version":[{"id":1396,"href":"https:\/\/www.compolab.ch\/fr\/wp-json\/wp\/v2\/pages\/545\/revisions\/1396"}],"wp:attachment":[{"href":"https:\/\/www.compolab.ch\/fr\/wp-json\/wp\/v2\/media?parent=545"}],"curies":[{"name":"wp","href":"https:\/\/api.w.org\/{rel}","templated":true}]}}